{"id":1358,"date":"2018-05-21T07:05:48","date_gmt":"2018-05-21T07:05:48","guid":{"rendered":"http:\/\/192.168.0.102\/poster\/?page_id=1358"},"modified":"2024-02-15T21:02:38","modified_gmt":"2024-02-15T20:02:38","slug":"home-two","status":"publish","type":"page","link":"https:\/\/www.annes-kleine-manufaktur.de\/","title":{"rendered":"Startseite"},"content":{"rendered":"<section class=\"wpb-content-wrapper\"><p>[vc_row full_width=&#8221;stretch_row&#8221; content_placement=&#8221;middle&#8221; shape=&#8221;Shape2&#8243; css=&#8221;.vc_custom_1527759284579{padding-top: 215px !important;padding-bottom: 230px !important;background-image: url(https:\/\/www.annes-kleine-manufaktur.de\/wp-content\/uploads\/2023\/08\/fly-d-F2b8AVcY_NI-unsplash-scaled.jpg) !important;background-position: center !important;background-repeat: no-repeat !important;background-size: cover !important;}&#8221; el_class=&#8221;bg-fixed image-banner&#8221;][vc_column css=&#8221;.vc_custom_1692909696030{margin-top: 0px !important;margin-bottom: 0px !important;padding-top: 0px !important;}&#8221;]<div class=\"rs-header-title header-center  width50 header-title-square-effect\">         \r\n        \t\t<h1 class=\"title\" style=\"color: #0a0a0a\">Annes Kleine Manufaktur<\/h1><h2 class=\"introtext\"  style=\"color: #0a0a0a\">Kunsthandwerk<\/h2><div class=\"header-button\">\r\n\t                    <a href=\"#rs-portfolio\" title=\"\"  class=\"readon border smoothPortfolio\">Zu meinen Artikeln<\/a>\r\n\t                <\/div><\/div>[\/vc_column][\/vc_row][vc_row full_width=&#8221;stretch_row&#8221; css=&#8221;.vc_custom_1527498423597{padding-top: 55px !important;padding-bottom: 70px !important;background-color: #f5f5f5 !important;}&#8221; el_id=&#8221;rs-portfolio&#8221; el_class=&#8221;rs-portfolio&#8221;][vc_column]<div class=\"rs-portfolio-style4  col-filter\">\r\n\t\t<div class=\"\"><div class=\"portfolio-filter  filter-center\">\r\n\t\t                <button class=\"active\" data-filter=\"*\">All Projects<\/button><button data-filter=\".filter_dekoartikel\">Dekoartikel<\/button><button data-filter=\".filter_stempeldruck\">Stempeldruck<\/button> <\/div><div class=\"row\"> <div class=\"grid\">\r\n\t\t\t\t\r\n\t\t\t\t<div class=\"col-md-3 full-grid col-xs-6 grid-item mb-30 filter_dekoartikel \">\r\n                            <div class=\"portfolio-item\">\r\n                                <div class=\"portfolio-img\">\r\n\r\n                                   <img decoding=\"async\" src=\"https:\/\/www.annes-kleine-manufaktur.de\/wp-content\/uploads\/2018\/05\/DSC_0089-scaled.jpg\" alt=\"Kerzenst\u00e4nder\" \/><a class=\"image-popup p-zoom\" href=\"https:\/\/www.annes-kleine-manufaktur.de\/wp-content\/uploads\/2018\/05\/DSC_0089-scaled.jpg\">\r\n\t                                        <span class=\"vc_icon_element-icon fab fa-accessible-icon\"><\/span>\r\n\t                                    <\/a><\/div>\r\n                                <div class=\"portfolio-content\">\r\n                                    <div class=\"vertical-middle\">\r\n                                        <div class=\"vertical-middle-cell\"><h3 class=\"p-title\"><a href=\"https:\/\/www.annes-kleine-manufaktur.de\/index.php\/portfolios\/free-paper-bag\/\">Kerzenst\u00e4nder<\/a><\/h3><p class=\"p-category\"> <a href=\"https:\/\/www.annes-kleine-manufaktur.de\/index.php\/portfolio-category\/dekoartikel\/\" rel=\"tag\">Dekoartikel<\/a><\/p>\r\n                                        <\/div>\r\n                                    <\/div>\r\n                                <\/div>\r\n                            <\/div>\r\n                        <\/div>\r\n\t\t\t\t\r\n\t\t\t\t<div class=\"col-md-3 full-grid col-xs-6 grid-item mb-30 filter_dekoartikel \">\r\n                            <div class=\"portfolio-item\">\r\n                                <div class=\"portfolio-img\">\r\n\r\n                                   <img decoding=\"async\" src=\"https:\/\/www.annes-kleine-manufaktur.de\/wp-content\/uploads\/2018\/05\/DSC_0183-scaled.jpg\" alt=\"Konfetti im Herzen\" \/><a class=\"image-popup p-zoom\" href=\"https:\/\/www.annes-kleine-manufaktur.de\/wp-content\/uploads\/2018\/05\/DSC_0183-scaled.jpg\">\r\n\t                                        <span class=\"vc_icon_element-icon fab fa-accessible-icon\"><\/span>\r\n\t                                    <\/a><\/div>\r\n                                <div class=\"portfolio-content\">\r\n                                    <div class=\"vertical-middle\">\r\n                                        <div class=\"vertical-middle-cell\"><h3 class=\"p-title\"><a href=\"https:\/\/www.annes-kleine-manufaktur.de\/index.php\/portfolios\/company-profile\/\">Konfetti im Herzen<\/a><\/h3><p class=\"p-category\"> <a href=\"https:\/\/www.annes-kleine-manufaktur.de\/index.php\/portfolio-category\/dekoartikel\/\" rel=\"tag\">Dekoartikel<\/a><\/p>\r\n                                        <\/div>\r\n                                    <\/div>\r\n                                <\/div>\r\n                            <\/div>\r\n                        <\/div>\r\n\t\t\t\t\r\n\t\t\t\t<div class=\"col-md-3 full-grid col-xs-6 grid-item mb-30 filter_dekoartikel \">\r\n                            <div class=\"portfolio-item\">\r\n                                <div class=\"portfolio-img\">\r\n\r\n                                   <img decoding=\"async\" src=\"https:\/\/www.annes-kleine-manufaktur.de\/wp-content\/uploads\/2018\/05\/DSC_0200-scaled.jpg\" alt=\"H\u00e4user\" \/><a class=\"image-popup p-zoom\" href=\"https:\/\/www.annes-kleine-manufaktur.de\/wp-content\/uploads\/2018\/05\/DSC_0200-scaled.jpg\">\r\n\t                                        <span class=\"vc_icon_element-icon fab fa-accessible-icon\"><\/span>\r\n\t                                    <\/a><\/div>\r\n                                <div class=\"portfolio-content\">\r\n                                    <div class=\"vertical-middle\">\r\n                                        <div class=\"vertical-middle-cell\"><h3 class=\"p-title\"><a href=\"https:\/\/www.annes-kleine-manufaktur.de\/index.php\/portfolios\/logo-illustration\/\">H\u00e4user<\/a><\/h3><p class=\"p-category\"> <a href=\"https:\/\/www.annes-kleine-manufaktur.de\/index.php\/portfolio-category\/dekoartikel\/\" rel=\"tag\">Dekoartikel<\/a><\/p>\r\n                                        <\/div>\r\n                                    <\/div>\r\n                                <\/div>\r\n                            <\/div>\r\n                        <\/div>\r\n\t\t\t\t\r\n\t\t\t\t<div class=\"col-md-3 full-grid col-xs-6 grid-item mb-30 filter_dekoartikel \">\r\n                            <div class=\"portfolio-item\">\r\n                                <div class=\"portfolio-img\">\r\n\r\n                                   <img decoding=\"async\" src=\"https:\/\/www.annes-kleine-manufaktur.de\/wp-content\/uploads\/2018\/05\/DSC_0247-scaled.jpg\" alt=\"Kerzenhalter Dekoring\" \/><a class=\"image-popup p-zoom\" href=\"https:\/\/www.annes-kleine-manufaktur.de\/wp-content\/uploads\/2018\/05\/DSC_0247-scaled.jpg\">\r\n\t                                        <span class=\"vc_icon_element-icon fab fa-accessible-icon\"><\/span>\r\n\t                                    <\/a><\/div>\r\n                                <div class=\"portfolio-content\">\r\n                                    <div class=\"vertical-middle\">\r\n                                        <div class=\"vertical-middle-cell\"><h3 class=\"p-title\"><a href=\"https:\/\/www.annes-kleine-manufaktur.de\/index.php\/portfolios\/professional-bag\/\">Kerzenhalter Dekoring<\/a><\/h3><p class=\"p-category\"> <a href=\"https:\/\/www.annes-kleine-manufaktur.de\/index.php\/portfolio-category\/dekoartikel\/\" rel=\"tag\">Dekoartikel<\/a><\/p>\r\n                                        <\/div>\r\n                                    <\/div>\r\n                                <\/div>\r\n                            <\/div>\r\n                        <\/div>\r\n\t\t\t\t\r\n\t\t\t\t<div class=\"col-md-3 full-grid col-xs-6 grid-item mb-30 filter_dekoartikel \">\r\n                            <div class=\"portfolio-item\">\r\n                                <div class=\"portfolio-img\">\r\n\r\n                                   <img decoding=\"async\" src=\"https:\/\/www.annes-kleine-manufaktur.de\/wp-content\/uploads\/2018\/05\/DSC_0227-scaled.jpg\" alt=\"Frauen\" \/><a class=\"image-popup p-zoom\" href=\"https:\/\/www.annes-kleine-manufaktur.de\/wp-content\/uploads\/2018\/05\/DSC_0227-scaled.jpg\">\r\n\t                                        <span class=\"vc_icon_element-icon fab fa-accessible-icon\"><\/span>\r\n\t                                    <\/a><\/div>\r\n                                <div class=\"portfolio-content\">\r\n                                    <div class=\"vertical-middle\">\r\n                                        <div class=\"vertical-middle-cell\"><h3 class=\"p-title\"><a href=\"https:\/\/www.annes-kleine-manufaktur.de\/index.php\/portfolios\/trifold-brochure\/\">Frauen<\/a><\/h3><p class=\"p-category\"> <a href=\"https:\/\/www.annes-kleine-manufaktur.de\/index.php\/portfolio-category\/dekoartikel\/\" rel=\"tag\">Dekoartikel<\/a><\/p>\r\n                                        <\/div>\r\n                                    <\/div>\r\n                                <\/div>\r\n                            <\/div>\r\n                        <\/div>\r\n\t\t\t\t\r\n\t\t\t\t<div class=\"col-md-3 full-grid col-xs-6 grid-item mb-30 filter_dekoartikel \">\r\n                            <div class=\"portfolio-item\">\r\n                                <div class=\"portfolio-img\">\r\n\r\n                                   <img decoding=\"async\" src=\"https:\/\/www.annes-kleine-manufaktur.de\/wp-content\/uploads\/2018\/05\/DSC_0254-scaled.jpg\" alt=\"VW Bus\" \/><a class=\"image-popup p-zoom\" href=\"https:\/\/www.annes-kleine-manufaktur.de\/wp-content\/uploads\/2018\/05\/DSC_0254-scaled.jpg\">\r\n\t                                        <span class=\"vc_icon_element-icon fab fa-accessible-icon\"><\/span>\r\n\t                                    <\/a><\/div>\r\n                                <div class=\"portfolio-content\">\r\n                                    <div class=\"vertical-middle\">\r\n                                        <div class=\"vertical-middle-cell\"><h3 class=\"p-title\"><a href=\"https:\/\/www.annes-kleine-manufaktur.de\/index.php\/portfolios\/perfume-packaging\/\">VW Bus<\/a><\/h3><p class=\"p-category\"> <a href=\"https:\/\/www.annes-kleine-manufaktur.de\/index.php\/portfolio-category\/dekoartikel\/\" rel=\"tag\">Dekoartikel<\/a><\/p>\r\n                                        <\/div>\r\n                                    <\/div>\r\n                                <\/div>\r\n                            <\/div>\r\n                        <\/div>\r\n\t\t\t\t\r\n\t\t\t\t<div class=\"col-md-3 full-grid col-xs-6 grid-item mb-30 filter_dekoartikel \">\r\n                            <div class=\"portfolio-item\">\r\n                                <div class=\"portfolio-img\">\r\n\r\n                                   <img decoding=\"async\" src=\"https:\/\/www.annes-kleine-manufaktur.de\/wp-content\/uploads\/2018\/05\/DSC_0236-scaled.jpg\" alt=\"Gro\u00dfer Gugelhupf\" \/><a class=\"image-popup p-zoom\" href=\"https:\/\/www.annes-kleine-manufaktur.de\/wp-content\/uploads\/2018\/05\/DSC_0236-scaled.jpg\">\r\n\t                                        <span class=\"vc_icon_element-icon fab fa-accessible-icon\"><\/span>\r\n\t                                    <\/a><\/div>\r\n                                <div class=\"portfolio-content\">\r\n                                    <div class=\"vertical-middle\">\r\n                                        <div class=\"vertical-middle-cell\"><h3 class=\"p-title\"><a href=\"https:\/\/www.annes-kleine-manufaktur.de\/index.php\/portfolios\/coffee-cup-design\/\">Gro\u00dfer Gugelhupf<\/a><\/h3><p class=\"p-category\"> <a href=\"https:\/\/www.annes-kleine-manufaktur.de\/index.php\/portfolio-category\/dekoartikel\/\" rel=\"tag\">Dekoartikel<\/a><\/p>\r\n                                        <\/div>\r\n                                    <\/div>\r\n                                <\/div>\r\n                            <\/div>\r\n                        <\/div>\r\n\t\t\t\t\r\n\t\t\t\t<div class=\"col-md-3 full-grid col-xs-6 grid-item mb-30 filter_dekoartikel \">\r\n                            <div class=\"portfolio-item\">\r\n                                <div class=\"portfolio-img\">\r\n\r\n                                   <img decoding=\"async\" src=\"https:\/\/www.annes-kleine-manufaktur.de\/wp-content\/uploads\/2018\/05\/DSC_0260-scaled.jpg\" alt=\"Anh\u00e4nger\" \/><a class=\"image-popup p-zoom\" href=\"https:\/\/www.annes-kleine-manufaktur.de\/wp-content\/uploads\/2018\/05\/DSC_0260-scaled.jpg\">\r\n\t                                        <span class=\"vc_icon_element-icon fab fa-accessible-icon\"><\/span>\r\n\t                                    <\/a><\/div>\r\n                                <div class=\"portfolio-content\">\r\n                                    <div class=\"vertical-middle\">\r\n                                        <div class=\"vertical-middle-cell\"><h3 class=\"p-title\"><a href=\"https:\/\/www.annes-kleine-manufaktur.de\/index.php\/portfolios\/mobile-ui-design\/\">Anh\u00e4nger<\/a><\/h3><p class=\"p-category\"> <a href=\"https:\/\/www.annes-kleine-manufaktur.de\/index.php\/portfolio-category\/dekoartikel\/\" rel=\"tag\">Dekoartikel<\/a><\/p>\r\n                                        <\/div>\r\n                                    <\/div>\r\n                                <\/div>\r\n                            <\/div>\r\n                        <\/div>\r\n\t\t\t\t\r\n\t\t\t\t<div class=\"col-md-3 full-grid col-xs-6 grid-item mb-30 filter_dekoartikel \">\r\n                            <div class=\"portfolio-item\">\r\n                                <div class=\"portfolio-img\">\r\n\r\n                                   <img decoding=\"async\" src=\"https:\/\/www.annes-kleine-manufaktur.de\/wp-content\/uploads\/2018\/05\/DSC_0244-scaled.jpg\" alt=\"Blumenm\u00e4dchen\" \/><a class=\"image-popup p-zoom\" href=\"https:\/\/www.annes-kleine-manufaktur.de\/wp-content\/uploads\/2018\/05\/DSC_0244-scaled.jpg\">\r\n\t                                        <span class=\"vc_icon_element-icon fab fa-accessible-icon\"><\/span>\r\n\t                                    <\/a><\/div>\r\n                                <div class=\"portfolio-content\">\r\n                                    <div class=\"vertical-middle\">\r\n                                        <div class=\"vertical-middle-cell\"><h3 class=\"p-title\"><a href=\"https:\/\/www.annes-kleine-manufaktur.de\/index.php\/portfolios\/paper-coffee-cup\/\">Blumenm\u00e4dchen<\/a><\/h3><p class=\"p-category\"> <a href=\"https:\/\/www.annes-kleine-manufaktur.de\/index.php\/portfolio-category\/dekoartikel\/\" rel=\"tag\">Dekoartikel<\/a><\/p>\r\n                                        <\/div>\r\n                                    <\/div>\r\n                                <\/div>\r\n                            <\/div>\r\n                        <\/div>\r\n\t\t\t\t\r\n\t\t\t\t<div class=\"col-md-3 full-grid col-xs-6 grid-item mb-30 filter_stempeldruck \">\r\n                            <div class=\"portfolio-item\">\r\n                                <div class=\"portfolio-img\">\r\n\r\n                                   <img decoding=\"async\" src=\"https:\/\/www.annes-kleine-manufaktur.de\/wp-content\/uploads\/2018\/03\/20230513_164435-scaled.jpg\" alt=\"Handtuch Camper\" \/><a class=\"image-popup p-zoom\" href=\"https:\/\/www.annes-kleine-manufaktur.de\/wp-content\/uploads\/2018\/03\/20230513_164435-scaled.jpg\">\r\n\t                                        <span class=\"vc_icon_element-icon fab fa-accessible-icon\"><\/span>\r\n\t                                    <\/a><\/div>\r\n                                <div class=\"portfolio-content\">\r\n                                    <div class=\"vertical-middle\">\r\n                                        <div class=\"vertical-middle-cell\"><h3 class=\"p-title\"><a href=\"https:\/\/www.annes-kleine-manufaktur.de\/index.php\/portfolios\/speaker-block\/\">Handtuch Camper<\/a><\/h3><p class=\"p-category\"> <a href=\"https:\/\/www.annes-kleine-manufaktur.de\/index.php\/portfolio-category\/stempeldruck\/\" rel=\"tag\">Stempeldruck<\/a><\/p>\r\n                                        <\/div>\r\n                                    <\/div>\r\n                                <\/div>\r\n                            <\/div>\r\n                        <\/div>\r\n\t\t\t\t\r\n\t\t\t\t<div class=\"col-md-3 full-grid col-xs-6 grid-item mb-30 filter_dekoartikel \">\r\n                            <div class=\"portfolio-item\">\r\n                                <div class=\"portfolio-img\">\r\n\r\n                                   <img decoding=\"async\" src=\"https:\/\/www.annes-kleine-manufaktur.de\/wp-content\/uploads\/2018\/03\/20230611_125406-scaled.jpg\" alt=\"Pflanzenstecker\" \/><a class=\"image-popup p-zoom\" href=\"https:\/\/www.annes-kleine-manufaktur.de\/wp-content\/uploads\/2018\/03\/20230611_125406-scaled.jpg\">\r\n\t                                        <span class=\"vc_icon_element-icon fab fa-accessible-icon\"><\/span>\r\n\t                                    <\/a><\/div>\r\n                                <div class=\"portfolio-content\">\r\n                                    <div class=\"vertical-middle\">\r\n                                        <div class=\"vertical-middle-cell\"><h3 class=\"p-title\"><a href=\"https:\/\/www.annes-kleine-manufaktur.de\/index.php\/portfolios\/horizontal-speaker\/\">Pflanzenstecker<\/a><\/h3><p class=\"p-category\"> <a href=\"https:\/\/www.annes-kleine-manufaktur.de\/index.php\/portfolio-category\/dekoartikel\/\" rel=\"tag\">Dekoartikel<\/a><\/p>\r\n                                        <\/div>\r\n                                    <\/div>\r\n                                <\/div>\r\n                            <\/div>\r\n                        <\/div>\r\n\t\t\t\t\r\n\t\t\t\t<div class=\"col-md-3 full-grid col-xs-6 grid-item mb-30 filter_dekoartikel \">\r\n                            <div class=\"portfolio-item\">\r\n                                <div class=\"portfolio-img\">\r\n\r\n                                   <img decoding=\"async\" src=\"https:\/\/www.annes-kleine-manufaktur.de\/wp-content\/uploads\/2018\/03\/DSC_0261-scaled.jpg\" alt=\"Geschenksets\" \/><a class=\"image-popup p-zoom\" href=\"https:\/\/www.annes-kleine-manufaktur.de\/wp-content\/uploads\/2018\/03\/DSC_0261-scaled.jpg\">\r\n\t                                        <span class=\"vc_icon_element-icon fab fa-accessible-icon\"><\/span>\r\n\t                                    <\/a><\/div>\r\n                                <div class=\"portfolio-content\">\r\n                                    <div class=\"vertical-middle\">\r\n                                        <div class=\"vertical-middle-cell\"><h3 class=\"p-title\"><a href=\"https:\/\/www.annes-kleine-manufaktur.de\/index.php\/portfolios\/mockups-design\/\">Geschenksets<\/a><\/h3><p class=\"p-category\"> <a href=\"https:\/\/www.annes-kleine-manufaktur.de\/index.php\/portfolio-category\/dekoartikel\/\" rel=\"tag\">Dekoartikel<\/a><\/p>\r\n                                        <\/div>\r\n                                    <\/div>\r\n                                <\/div>\r\n                            <\/div>\r\n                        <\/div>\r\n\t\t\t\t\r\n\t\t\t\t<div class=\"col-md-3 full-grid col-xs-6 grid-item mb-30 filter_dekoartikel \">\r\n                            <div class=\"portfolio-item\">\r\n                                <div class=\"portfolio-img\">\r\n\r\n                                   <img decoding=\"async\" src=\"https:\/\/www.annes-kleine-manufaktur.de\/wp-content\/uploads\/2018\/03\/Blumenschale.jpg\" alt=\"Blumenschale\" \/><a class=\"image-popup p-zoom\" href=\"https:\/\/www.annes-kleine-manufaktur.de\/wp-content\/uploads\/2018\/03\/Blumenschale.jpg\">\r\n\t                                        <span class=\"vc_icon_element-icon fab fa-accessible-icon\"><\/span>\r\n\t                                    <\/a><\/div>\r\n                                <div class=\"portfolio-content\">\r\n                                    <div class=\"vertical-middle\">\r\n                                        <div class=\"vertical-middle-cell\"><h3 class=\"p-title\"><a href=\"https:\/\/www.annes-kleine-manufaktur.de\/index.php\/portfolios\/brochure-template\/\">Blumenschale<\/a><\/h3><p class=\"p-category\"> <a href=\"https:\/\/www.annes-kleine-manufaktur.de\/index.php\/portfolio-category\/dekoartikel\/\" rel=\"tag\">Dekoartikel<\/a><\/p>\r\n                                        <\/div>\r\n                                    <\/div>\r\n                                <\/div>\r\n                            <\/div>\r\n                        <\/div><\/div><\/div>\r\n\t\t\t\t<\/div><\/div>[\/vc_column][\/vc_row][vc_row full_width=&#8221;stretch_row&#8221; css=&#8221;.vc_custom_1527584178024{padding-top: 66px !important;padding-bottom: 65px !important;}&#8221; el_id=&#8221;rs-services&#8221; el_class=&#8221;service-square-effect&#8221;][vc_column offset=&#8221;vc_hidden-lg vc_hidden-md vc_hidden-sm vc_hidden-xs&#8221;][vc_row_inner][vc_column_inner width=&#8221;1\/3&#8243;]<div class=\"rs-services\"><div class=\"service-inner services-style-2 left \">\r\n\t\t\t\t<div class=\"services-wrap\"> \r\n\t\t\t        <div class=\"services-item\">\r\n\t\t\t            <div class=\"services-icon\">\r\n\t\t\t                <a ><img decoding=\"async\" src=\"https:\/\/www.annes-kleine-manufaktur.de\/wp-content\/uploads\/2018\/05\/brainstorm.png\" alt=\"Rs-service\" \/><\/a>\r\n\t\t\t            <\/div>\r\n\t\t\t\t\t\t<h3 class=\"services-title services-title2\"><a >Creative Idea<\/a><\/h3>       \r\n\t\t\t\t\t\t<div class=\"services-desc\">\t\t\t\r\n\t\t\t\t\t\t\tLorem Ipsum is simply dummy text of the printing and typesetting industry. Lorem Ipsum has been the industry&#8217;s \r\n\t\t\t\t\t\t<\/div>\t\t\r\n\t\t\t\t\t<\/div>\t\r\n\t\t\t\t<\/div>\r\n\t\t<\/div><\/div>[\/vc_column_inner][vc_column_inner width=&#8221;1\/3&#8243;]<div class=\"rs-services\"><div class=\"service-inner services-style-2 left \">\r\n\t\t\t\t<div class=\"services-wrap\"> \r\n\t\t\t        <div class=\"services-item\">\r\n\t\t\t            <div class=\"services-icon\">\r\n\t\t\t                <a ><img decoding=\"async\" src=\"https:\/\/www.annes-kleine-manufaktur.de\/wp-content\/uploads\/2018\/05\/content.png\" alt=\"Rs-service\" \/><\/a>\r\n\t\t\t            <\/div>\r\n\t\t\t\t\t\t<h3 class=\"services-title services-title2\"><a >Minimal Design<\/a><\/h3>       \r\n\t\t\t\t\t\t<div class=\"services-desc\">\t\t\t\r\n\t\t\t\t\t\t\tLorem Ipsum is simply dummy text of the printing and typesetting industry. Lorem Ipsum has been the industry&#8217;s \r\n\t\t\t\t\t\t<\/div>\t\t\r\n\t\t\t\t\t<\/div>\t\r\n\t\t\t\t<\/div>\r\n\t\t<\/div><\/div>[\/vc_column_inner][vc_column_inner width=&#8221;1\/3&#8243;]<div class=\"rs-services\"><div class=\"service-inner services-style-2 left \">\r\n\t\t\t\t<div class=\"services-wrap\"> \r\n\t\t\t        <div class=\"services-item\">\r\n\t\t\t            <div class=\"services-icon\">\r\n\t\t\t                <a ><img decoding=\"async\" src=\"https:\/\/www.annes-kleine-manufaktur.de\/wp-content\/uploads\/2018\/05\/web-design.png\" alt=\"Rs-service\" \/><\/a>\r\n\t\t\t            <\/div>\r\n\t\t\t\t\t\t<h3 class=\"services-title services-title2\"><a >Easy Customize<\/a><\/h3>       \r\n\t\t\t\t\t\t<div class=\"services-desc\">\t\t\t\r\n\t\t\t\t\t\t\tLorem Ipsum is simply dummy text of the printing and typesetting industry. Lorem Ipsum has been the industry&#8217;s \r\n\t\t\t\t\t\t<\/div>\t\t\r\n\t\t\t\t\t<\/div>\t\r\n\t\t\t\t<\/div>\r\n\t\t<\/div><\/div>[\/vc_column_inner][\/vc_row_inner][\/vc_column][\/vc_row][vc_row full_width=&#8221;stretch_row&#8221; css=&#8221;.vc_custom_1527753101550{padding-top: 55px !important;padding-bottom: 90px !important;background-image: url(http:\/\/www.keenitsolutions.com\/products\/wordpress\/mifo\/wp-content\/uploads\/2018\/05\/call-action.png?id=2055) !important;background-position: center !important;background-repeat: no-repeat !important;background-size: cover !important;}&#8221;][vc_column]<div class=\"rs-header-title header-center  width50 header-title-square-effect\">         \r\n        \t\t<h2 class=\"title\">Ich erstelle allerhand Sch\u00f6nes und Kreatives f\u00fcr Dich oder als Mitbringsel f\u00fcr einen lieben Menschen<\/h2><div class=\"header-button\">\r\n\t                    <a href=\"https:\/\/www.annes-kleine-manufaktur.de\/index.php\/contact\/\" title=\"Kontakt\"  class=\"readon border smoothPortfolio\">Kontaktier mich!<\/a>\r\n\t                <\/div><\/div>[\/vc_column][\/vc_row]<\/p>\n<\/section>","protected":false},"excerpt":{"rendered":"<p>[vc_row full_width=&#8221;stretch_row&#8221; content_placement=&#8221;middle&#8221; shape=&#8221;Shape2&#8243; css=&#8221;.vc_custom_1527759284579{padding-top: 215px !important;padding-bottom: 230px !important;background-image: url(https:\/\/www.annes-kleine-manufaktur.de\/wp-content\/uploads\/2023\/08\/fly-d-F2b8AVcY_NI-unsplash-scaled.jpg) !important;background-position: center !important;background-repeat: no-repeat !important;background-size: cover !important;}&#8221; el_class=&#8221;bg-fixed image-banner&#8221;][vc_column css=&#8221;.vc_custom_1692909696030{margin-top: [&hellip;]<\/p>\n","protected":false},"author":1,"featured_media":0,"parent":0,"menu_order":0,"comment_status":"closed","ping_status":"closed","template":"","meta":{"footnotes":""},"class_list":["post-1358","page","type-page","status-publish","hentry"],"_links":{"self":[{"href":"https:\/\/www.annes-kleine-manufaktur.de\/index.php\/wp-json\/wp\/v2\/pages\/1358","targetHints":{"allow":["GET"]}}],"collection":[{"href":"https:\/\/www.annes-kleine-manufaktur.de\/index.php\/wp-json\/wp\/v2\/pages"}],"about":[{"href":"https:\/\/www.annes-kleine-manufaktur.de\/index.php\/wp-json\/wp\/v2\/types\/page"}],"author":[{"embeddable":true,"href":"https:\/\/www.annes-kleine-manufaktur.de\/index.php\/wp-json\/wp\/v2\/users\/1"}],"replies":[{"embeddable":true,"href":"https:\/\/www.annes-kleine-manufaktur.de\/index.php\/wp-json\/wp\/v2\/comments?post=1358"}],"version-history":[{"count":24,"href":"https:\/\/www.annes-kleine-manufaktur.de\/index.php\/wp-json\/wp\/v2\/pages\/1358\/revisions"}],"predecessor-version":[{"id":2443,"href":"https:\/\/www.annes-kleine-manufaktur.de\/index.php\/wp-json\/wp\/v2\/pages\/1358\/revisions\/2443"}],"wp:attachment":[{"href":"https:\/\/www.annes-kleine-manufaktur.de\/index.php\/wp-json\/wp\/v2\/media?parent=1358"}],"curies":[{"name":"wp","href":"https:\/\/api.w.org\/{rel}","templated":true}]}}